{"id":3,"date":"2023-08-31T19:51:16","date_gmt":"2023-08-31T22:51:16","guid":{"rendered":"http:\/\/baruoffshore.staging.11w.us\/?page_id=3"},"modified":"2023-09-11T21:35:53","modified_gmt":"2023-09-12T00:35:53","slug":"politica-de-privacidade","status":"publish","type":"page","link":"https:\/\/baruoffshore.staging.11w.us\/es\/politica-de-privacidade\/","title":{"rendered":"Pol\u00edtica de privacidade"},"content":{"rendered":"<p>N\u00f3s, da&nbsp;BARU OFFSHORE NAVEGA\u00c7\u00c3O LTDA. (\u201cBaru Offshore\u201d ou \u201cBaru\u201d), sociedade com sede na Av. Rio Branco, n\u00ba108, sala 2801, Centro, Rio de Janeiro, RJ, CEP 20.040-001, inscrita no CNPJ\/MF sob o n\u00ba 14.426.327\/0001-34, levamos a sua privacidade e a prote\u00e7\u00e3o dos seus dados a s\u00e9rio.<\/p>\n\n\n\n<p>A presente Pol\u00edtica tem por finalidade demonstrar o nosso compromisso em resguardar a sua privacidade e proteger seus Dados Pessoais, estabelecendo as principais regras sobre o Tratamento, bem como explicando quais s\u00e3o seus direitos e como exerc\u00ea-los.<\/p>\n\n\n\n<p>Recomendamos a leitura desta Pol\u00edtica com aten\u00e7\u00e3o. Fique \u00e0 vontade para entrar em contato conosco por meio dos Canais de Atendimento aqui disponibilizados para dirimir quaisquer d\u00favidas relacionadas.<\/p>\n\n\n\n<h2 class=\"wp-block-heading\">1. Que tipos de dados pessoais a Baru Offshore trata<\/h2>\n\n\n\n<p>Os tipos de Dados Pessoais e a forma como a Baru os coleta dependem de como voc\u00ea se relaciona e por qu\u00ea. Por exemplo, os Dados Pessoais coletados ser\u00e3o diferentes caso voc\u00ea seja cliente, fornecedor ou usu\u00e1rio do nosso site.<\/p>\n\n\n\n<p>Listamos abaixo algumas situa\u00e7\u00f5es em que n\u00f3s podemos tratar seus Dados Pessoais no contexto da sua rela\u00e7\u00e3o conosco.<\/p>\n\n\n\n<h4 class=\"wp-block-heading\">O que Tratamos \/ Para que tratamos<\/h4>\n\n\n\n<h3 class=\"wp-block-heading\">Dados Cadastrais<\/h3>\n\n\n\n<div class=\"wp-block-columns small is-layout-flex wp-container-core-columns-layout-1 wp-block-columns-is-layout-flex\">\n<div class=\"wp-block-column is-layout-flow wp-block-column-is-layout-flow\" style=\"flex-basis:30%\">\n<ul>\n<li>Nome Completo<\/li>\n\n\n\n<li>CPF<\/li>\n\n\n\n<li>RG<\/li>\n\n\n\n<li>Data de Nascimento<\/li>\n\n\n\n<li>Nacionalidade<\/li>\n\n\n\n<li>G\u00eanero<\/li>\n\n\n\n<li>Profiss\u00e3o<\/li>\n\n\n\n<li>Estado Civil<\/li>\n\n\n\n<li>E-mail<\/li>\n\n\n\n<li>Telefone para contato<\/li>\n\n\n\n<li>Endere\u00e7os Residencial e Comercial<\/li>\n<\/ul>\n<\/div>\n\n\n\n<div class=\"wp-block-column is-layout-flow wp-block-column-is-layout-flow\" style=\"flex-basis:70%\">\n<p><strong>Identifica\u00e7\u00e3o<\/strong>: identificar e autenticar voc\u00ea<\/p>\n\n\n\n<p><strong>Presta\u00e7\u00e3o dos servi\u00e7os:<\/strong> cumprir com as obriga\u00e7\u00f5es decorrentes da contrata\u00e7\u00e3o e exercer as prerrogativas existentes nos contratos.<\/p>\n\n\n\n<p><strong>Melhorias cont\u00ednuas:<\/strong> ampliar sua experi\u00eancia e promover as atividades atreladas aos servi\u00e7os;<\/p>\n\n\n\n<p><strong>Comunica\u00e7\u00e3o e Relacionamento: <\/strong>ampliar nosso relacionamento, informar voc\u00ea sobre novidades, funcionalidades, conte\u00fados, not\u00edcias e demais eventos que consideramos relevantes para voc\u00ea;<\/p>\n\n\n\n<p><strong>Personaliza\u00e7\u00e3o dos servi\u00e7os:<\/strong> permitir o fornecimento de servi\u00e7os mais personalizados e adequados \u00e0s suas necessidades, inclusive em alinhamento aos interesses leg\u00edtimos e comerciais da Baru;<\/p>\n\n\n\n<p><strong>Acesso aos Nossos Ambientes:<\/strong> possibilitar o acesso e uso dos recursos e funcionalidades de Nossos Ambientes por voc\u00ea;<\/p>\n\n\n\n<p><strong>Preven\u00e7\u00e3o a fraudes:<\/strong> proteger voc\u00ea no que diz respeito \u00e0 preven\u00e7\u00e3o de fraudes, prote\u00e7\u00e3o do cr\u00e9dito e riscos associados, al\u00e9m do cumprimento de obriga\u00e7\u00f5es legais e regulat\u00f3rias;<\/p>\n\n\n\n<p><strong>Obriga\u00e7\u00f5es legais:<\/strong> para o cumprimento de obriga\u00e7\u00e3o legal ou regulat\u00f3ria.<\/p>\n<\/div>\n<\/div>\n\n\n\n<h3 class=\"wp-block-heading\">Dados de Identifica\u00e7\u00e3o Digital<\/h3>\n\n\n\n<div class=\"wp-block-columns small is-layout-flex wp-container-core-columns-layout-2 wp-block-columns-is-layout-flex\">\n<div class=\"wp-block-column is-layout-flow wp-block-column-is-layout-flow\" style=\"flex-basis:30%\">\n<ul>\n<li>Dispositivo e Vers\u00e3o Operacional do Sistema<\/li>\n\n\n\n<li>Geolocaliza\u00e7\u00e3o<\/li>\n\n\n\n<li>Registros de Data e Hora das a\u00e7\u00f5es realizadas<\/li>\n\n\n\n<li>ID de Sess\u00e3o<\/li>\n\n\n\n<li>Imagens em v\u00eddeos capturadas em CFTV<\/li>\n<\/ul>\n<\/div>\n\n\n\n<div class=\"wp-block-column is-layout-flow wp-block-column-is-layout-flow\" style=\"flex-basis:70%\">\n<p><strong>Obriga\u00e7\u00f5es legais: <\/strong>para o cumprimento de obriga\u00e7\u00e3o legal ou regulat\u00f3ria, inclusive para fins do estabelecido pela Lei n\u00b0 12.965\/2014 (\u201cMarco Civil da Internet\u201d)<\/p>\n\n\n\n<p><strong>Seguran\u00e7a:<\/strong> monitoramento de preserva\u00e7\u00e3o dos Nossos Ambientes em prol da sua e da nossa seguran\u00e7a<\/p>\n<\/div>\n<\/div>\n\n\n\n<p>Atualiza\u00e7\u00e3o e veracidade dos Dados Pessoais.Voc\u00ea \u00e9 o \u00fanico respons\u00e1vel pela precis\u00e3o, veracidade ou atualiza\u00e7\u00e3o dos Dados que nos fornece. N\u00f3s n\u00e3o somos obrigados a tratar os seus Dados se houver raz\u00f5es para crer que tal Tratamento possa nos imputar infra\u00e7\u00e3o de qualquer lei aplic\u00e1vel, ou se voc\u00ea estiver utilizando nossos ambientes para quaisquer fins ilegais ou il\u00edcitos.<\/p>\n\n\n\n<p>Base de Dados. A base de dados formada por meio da coleta de Dados \u00e9 de nossa propriedade e est\u00e1 sob nossa responsabilidade, sendo que seu uso, acesso e compartilhamento, quando necess\u00e1rios, ser\u00e3o feitos dentro dos limites e prop\u00f3sitos descritos nesta Pol\u00edtica.<\/p>\n\n\n\n<p>N\u00f3s n\u00e3o utilizamos nenhum tipo de decis\u00e3o unicamente automatizada que afetem seus interesses, assim como n\u00e3o fazemos uso de cookies na nossa plataforma.<\/p>\n\n\n\n<h2 class=\"wp-block-heading\">2. Com quem a Baru Offshore compartilha os seus dados pessoais<\/h2>\n\n\n\n<p>Hip\u00f3teses de compartilhamento dos Dados Pessoais. Os Dados tratados e as atividades registradas (logs) podem ser compartilhados:<\/p>\n\n\n\n<ol type=\"i\">\n<li>Com autoridades judiciais, administrativas ou governamentais competentes, sempre que houver determina\u00e7\u00e3o legal, requerimento, requisi\u00e7\u00e3o ou ordem nesse sentido;<\/li>\n\n\n\n<li>Com as empresas que comp\u00f5em o Grupo Econ\u00f4mico ao qual a Baru pertence, sempre em observ\u00e2ncia com as diretrizes dessa Pol\u00edtica;<\/li>\n\n\n\n<li>Com prestadores de servi\u00e7o ou empresas parceiras, para facilitar, prover ou executar atividades relacionadas aos Nossos Ambientes;<\/li>\n\n\n\n<li>De forma autom\u00e1tica, em caso de movimenta\u00e7\u00f5es societ\u00e1rias, como fus\u00e3o, aquisi\u00e7\u00e3o ou incorpora\u00e7\u00e3o da Baru.<\/li>\n<\/ol>\n\n\n\n<p>Caso voc\u00ea tenha qualquer d\u00favida sobre com quem compartilhamos seus Dados, entre em contato conosco por meio dos Canais de Atendimento disponibilizados no final desta Pol\u00edtica.<\/p>\n\n\n\n<h2 class=\"wp-block-heading\">3.Quais s\u00e3o os seus direitos como titular de dados pessoais<\/h2>\n\n\n\n<p>Seus direitos b\u00e1sicos. N\u00f3s estamos comprometidos com o cumprimento dos direitos dos titulares e, nessa se\u00e7\u00e3o, vamos explicar como voc\u00ea poder\u00e1 exerc\u00ea-los:<\/p>\n\n\n\n<ul>\n<li><strong>Confirma\u00e7\u00e3o e Acesso<\/strong>. Voc\u00ea pode solicitar \u00e0 Baru Offshore a confirma\u00e7\u00e3o sobre a exist\u00eancia de tratamento dos seus Dados Pessoais para que, em caso positivo, voc\u00ea possa acess\u00e1-los, inclusive por meio de solicita\u00e7\u00e3o de c\u00f3pias dos registros que temos sobre voc\u00ea.<\/li>\n\n\n\n<li><strong>Corre\u00e7\u00e3o<\/strong>. Voc\u00ea pode solicitar a corre\u00e7\u00e3o dos seus Dados Pessoais caso estes estejam incompletos, inexatos ou desatualizados.<\/li>\n\n\n\n<li><strong>Anonimiza\u00e7\u00e3o, bloqueio ou elimina\u00e7\u00e3o<\/strong>. Voc\u00ea pode solicitar (a) a anonimiza\u00e7\u00e3o dos seus Dados Pessoais, de forma que eles n\u00e3o possam mais ser relacionados a voc\u00ea e, portanto, deixem de ser Dados Pessoais; (b) o bloqueio dos seus Dados Pessoais, suspendendo temporariamente a sua possibilidade de os tratarmos para certas finalidades; e (c) a elimina\u00e7\u00e3o dos seus Dados Pessoais, caso em que deveremos apagar todos os seus Dados Pessoais sem possibilidade de revers\u00e3o.<\/li>\n\n\n\n<li><strong>Portabilidade<\/strong>. Voc\u00ea pode solicitar que a Baru Offshore forne\u00e7a os seus Dados Pessoais em formato estruturado e interoper\u00e1vel visando \u00e0 sua transfer\u00eancia para um terceiro, desde que essa transfer\u00eancia n\u00e3o viole nossos segredos de neg\u00f3cios.<\/li>\n\n\n\n<li><strong>Informa\u00e7\u00e3o sobre o compartilhamento<\/strong>. Voc\u00ea poder\u00e1 solicitar informa\u00e7\u00f5es sobre terceiros com os quais compartilhamos seus Dados Pessoais, limitando essa divulga\u00e7\u00e3o a informa\u00e7\u00f5es que n\u00e3o violem nossos segredos de neg\u00f3cio.<\/li>\n\n\n\n<li><strong>Oposi\u00e7\u00e3o<\/strong>. Voc\u00ea poder\u00e1 se opor ao Tratamento dos seus Dados Pessoais caso n\u00e3o concorde com alguma finalidade.<\/li>\n\n\n\n<li><strong>Revis\u00e3o<\/strong>. Em caso de decis\u00f5es baseadas exclusivamente em tratamentos automatizados, voc\u00ea poder\u00e1 solicitar a revis\u00e3o da decis\u00e3o, indicando seus interesses que possam ter sido afetados.<\/li>\n<\/ul>\n\n\n\n<p>Para sua seguran\u00e7a, sempre que voc\u00ea apresentar uma requisi\u00e7\u00e3o para exercer seus direitos, poderemos solicitar algumas informa\u00e7\u00f5es e\/ou documentos complementares para que possamos comprovar a sua identidade, buscando impedir fraudes. Fazemos isso para garantir a seguran\u00e7a e a privacidade de todos.<\/p>\n\n\n\n<p>N\u00f3s nos comprometemos a responder todas as requisi\u00e7\u00f5es em um prazo razo\u00e1vel e sempre em conformidade com a legisla\u00e7\u00e3o aplic\u00e1vel.<\/p>\n\n\n\n<p>Caso voc\u00ea tenha alguma d\u00favida sobre essas quest\u00f5es ou deseje exercer um dos seus seus direitos, poder\u00e1 faz\u00ea-lo por meio dos nossos Canais de Atendimento dispostos no t\u00f3pico 6 desta Pol\u00edtica.<\/p>\n\n\n\n<h2 class=\"wp-block-heading\">4. Como armazenamos seus dados e o registro de atividades (LOGS)<\/h2>\n\n\n\n<p><strong>Local de armazenamento<\/strong>. Os Dados tratados e os registros de atividades (logs) s\u00e3o armazenados em ambiente seguro e controlado, podendo estar em nossos servidores localizados no Brasil, bem como em ambiente de uso de recursos ou servidores na nuvem (cloud computing), o que poder\u00e1 exigir transfer\u00eancia e\/ou processamento dos seus Dados fora do Brasil.<\/p>\n\n\n\n<p><strong>Prazo de armazenamento.<\/strong> A Baru Offshore possui uma pol\u00edtica de reten\u00e7\u00e3o de Dados Pessoais alinhada com a lei aplic\u00e1vel. Dados Pessoais s\u00e3o armazenados somente pelo tempo que forem necess\u00e1rios, salvo se houver qualquer outra raz\u00e3o para sua manuten\u00e7\u00e3o como, por exemplo, cumprimento de quaisquer obriga\u00e7\u00f5es legais ou regulat\u00f3rias.<\/p>\n\n\n\n<p><strong>Descarte dos Dados Pessoais.<\/strong> Findos o prazo de manuten\u00e7\u00e3o e a necessidade legal, os Dados Pessoais ser\u00e3o exclu\u00eddos com uso de m\u00e9todos de descarte seguro ou utilizados de forma anonimizada para fins estat\u00edsticos<\/p>\n\n\n\n<h2 class=\"wp-block-heading\">5. Como a Baru Offshore protege seus dados e como voc\u00ea tamb\u00e9m poder\u00e1 proteg\u00ea-los.<\/h2>\n\n\n\n<p><strong>Pr\u00e1ticas de Seguran\u00e7a e Governan\u00e7a<\/strong>. Para garantir a sua privacidade e a prote\u00e7\u00e3o dos seus Dados Pessoais, adotamos recursos tecnol\u00f3gicos avan\u00e7ados para garantir a seguran\u00e7a de todos os dados tratados pela Baru Offshore. Para resguardar a sua privacidade e proteger os seus Dados, n\u00f3s contamos com um programa de governan\u00e7a que cont\u00e9m regras de boas pr\u00e1ticas, pol\u00edticas e procedimentos internos, os quais estabelecem condi\u00e7\u00f5es de organiza\u00e7\u00e3o, treinamentos, a\u00e7\u00f5es educativas e mecanismos de supervis\u00e3o e mitiga\u00e7\u00e3o de riscos relacionados ao Tratamento de Dados Pessoais.<\/p>\n\n\n\n<p><strong>Acesso aos Dados Pessoais, proporcionalidade e relev\u00e2ncia<\/strong>. Internamente, os Dados Pessoais tratados s\u00e3o acessados somente por profissionais devidamente autorizados, respeitando os princ\u00edpios de proporcionalidade, necessidade e relev\u00e2ncia para os objetivos do nosso neg\u00f3cio, al\u00e9m do compromisso de confidencialidade e preserva\u00e7\u00e3o da sua privacidade nos termos desta Pol\u00edtica. Na hip\u00f3tese de vazamentos individuais ou acessos n\u00e3o autorizados relativos aos seus Dados Pessoais, poderemos promover, desde que estes representem a voc\u00ea dano ou risco relevante e voc\u00ea esteja de acordo, a concilia\u00e7\u00e3o direta nos termos do art. 52, \u00a7 7\u00ba, da Lei Geral de Prote\u00e7\u00e3o de Dados Pessoais.<\/p>\n\n\n\n<p><strong>Ado\u00e7\u00e3o de boas pr\u00e1ticas.<\/strong> Caso voc\u00ea identifique ou tome conhecimento de qualquer fator que comprometa a seguran\u00e7a dos seus dados na sua rela\u00e7\u00e3o com a Baru Offshore, por favor entre em contato conosco por meio dos nossos Canais de Atendimento.<\/p>\n\n\n\n<p><strong>Links externos.<\/strong> Quando voc\u00ea utilizar Nossos Ambientes, voc\u00ea poder\u00e1 ser conduzido, via link, a outros sites, portais ou plataformas, que poder\u00e3o coletar seus Dados e ter sua pr\u00f3pria pol\u00edtica de privacidade. Caber\u00e1 a voc\u00ea ler as referidas pol\u00edticas. N\u00f3s n\u00e3o somos respons\u00e1veis pelas pol\u00edticas de privacidade de terceiros e nem pelo conte\u00fado de quaisquer sites ou servi\u00e7os ligados \u00e0 ambientes que n\u00e3o os nossos.<\/p>\n\n\n\n<p><strong>Tratamento por terceiros sob nossa diretriz.<\/strong> N\u00f3s buscamos avaliar cuidadosamente nossos parceiros e prestadores de servi\u00e7os e firmamos com eles obriga\u00e7\u00f5es contratuais de confidencialidade, seguran\u00e7a da informa\u00e7\u00e3o e prote\u00e7\u00e3o de Dados, com objetivo de proteger voc\u00ea.<\/p>\n\n\n\n<h2 class=\"wp-block-heading\">6. Informa\u00e7\u00f5es sobre esta pol\u00edtica<\/h2>\n\n\n\n<p><strong>Altera\u00e7\u00e3o do teor e atualiza\u00e7\u00e3o.<\/strong> Voc\u00ea reconhece o nosso direito de alterar o teor desta Pol\u00edtica a qualquer momento, conforme a finalidade ou necessidade. Ocorrendo atualiza\u00e7\u00f5es relevantes na Pol\u00edtica, voc\u00ea ser\u00e1 notificado por meio dos dados de contato que nos informar ou por divulga\u00e7\u00e3o nos nossos perfis oficiais.<\/p>\n\n\n\n<p><strong>Inaplicabilidade.<\/strong> Caso algum ponto desta Pol\u00edtica seja considerado inaplic\u00e1vel por Autoridade de Dados ou judicial, as demais condi\u00e7\u00f5es permanecer\u00e3o em pleno vigor e efeito.<\/p>\n\n\n\n<p><strong>Canais de Atendimento.<\/strong> Em caso de qualquer d\u00favida com rela\u00e7\u00e3o \u00e0s disposi\u00e7\u00f5es constantes desta Pol\u00edtica, inclusive para exerc\u00edcio dos seus direitos, voc\u00ea poder\u00e1 entrar em contato com nosso Encarregado, que est\u00e1 \u00e0 disposi\u00e7\u00e3o nos seguintes endere\u00e7os:<br>Endere\u00e7o para correspond\u00eancias: Av. Alm. Barroso, 52, 24o. Andar, Centro, Rio de Janeiro, RJ, CEP 20.031-918<\/p>\n\n\n\n<ul>\n<li>E-mail para contato: dpo@baruoffshore.com.br<\/li>\n\n\n\n<li>Lei aplic\u00e1vel. Esta Pol\u00edtica ser\u00e1 interpretada de acordo com a legisla\u00e7\u00e3o brasileira, no idioma portugu\u00eas.<\/li>\n<\/ul>\n\n\n\n<h2 class=\"wp-block-heading\">Gloss\u00e1rio<\/h2>\n\n\n\n<p>Para melhor entendimento desta Pol\u00edtica, devem ser consideradas as seguintes defini\u00e7\u00f5es:<\/p>\n\n\n\n<p><strong>Dados Pessoais:<\/strong> s\u00e3o os dados relativos a uma pessoa f\u00edsica, que sejam capazes de identific\u00e1-la ou torn\u00e1-la identific\u00e1vel. Por exemplo: nome, e-mail, n\u00famero do RG, prefer\u00eancias pessoais, endere\u00e7o IP, geolocaliza\u00e7\u00e3o.<\/p>\n\n\n\n<p><strong>Dados Pessoais Sens\u00edveis: <\/strong>s\u00e3o quaisquer Dados sobre origem racial ou \u00e9tnica, convic\u00e7\u00e3o religiosa, opini\u00e3o pol\u00edtica, filia\u00e7\u00e3o a sindicato ou a organiza\u00e7\u00e3o de car\u00e1ter religioso, filos\u00f3fico ou pol\u00edtico, dados referentes \u00e0 sa\u00fade ou \u00e0 vida sexual, dados gen\u00e9ticos ou biom\u00e9tricos, quando vinculados a uma pessoa f\u00edsica.<\/p>\n\n\n\n<p><strong>Legisla\u00e7\u00e3o aplic\u00e1vel:<\/strong> toda legisla\u00e7\u00e3o que verse sobre privacidade e prote\u00e7\u00e3o de Dados Pessoais, especialmente a Lei n\u00ba 13.709\/2018 (Lei Geral de Prote\u00e7\u00e3o de Dados Pessoais \u2013 LGPD).<\/p>\n\n\n\n<p><strong>Nossos ambientes: <\/strong>designa o endere\u00e7o eletr\u00f4nico da Baru e seus subdom\u00ednios, al\u00e9m dos ambientes f\u00edsicos.<\/p>\n\n\n\n<p><strong>Pol\u00edtica:<\/strong> \u00e9 esta Pol\u00edtica de Privacidade e Tratamento de Dados Pessoais.<\/p>\n\n\n\n<p><strong>Titular: <\/strong>\u00e9 voc\u00ea, a pessoa f\u00edsica a quem os Dados Pessoais se referem.<\/p>\n\n\n\n<p><strong>Tratamento:<\/strong> toda opera\u00e7\u00e3o realizada com Dados Pessoais, como as que se referem a coleta, produ\u00e7\u00e3o, recep\u00e7\u00e3o, classifica\u00e7\u00e3o, utiliza\u00e7\u00e3o, acesso, reprodu\u00e7\u00e3o, transmiss\u00e3o, distribui\u00e7\u00e3o, processamento, arquivamento, armazenamento, elimina\u00e7\u00e3o, avalia\u00e7\u00e3o ou controle da informa\u00e7\u00e3o, modifica\u00e7\u00e3o, comunica\u00e7\u00e3o, transfer\u00eancia, difus\u00e3o ou extra\u00e7\u00e3o.<\/p>\n\n\n\n<p class=\"has-small-font-size\">Atualiza\u00e7\u00e3o: [05.04.2023]<\/p>","protected":false},"excerpt":{"rendered":"<p>N\u00f3s, da&nbsp;BARU OFFSHORE NAVEGA\u00c7\u00c3O LTDA. (\u201cBaru Offshore\u201d ou \u201cBaru\u201d), sociedade com sede na Av. Rio Branco, n\u00ba108, sala 2801, Centro, Rio de Janeiro, RJ, CEP 20.040-001, inscrita no CNPJ\/MF sob o n\u00ba 14.426.327\/0001-34, levamos a sua privacidade e a prote\u00e7\u00e3o dos seus dados a s\u00e9rio. A presente Pol\u00edtica tem por finalidade demonstrar o nosso compromisso [&hellip;]<\/p>","protected":false},"author":1,"featured_media":0,"parent":0,"menu_order":0,"comment_status":"closed","ping_status":"open","template":"","meta":{"footnotes":""},"acf":[],"_links":{"self":[{"href":"https:\/\/baruoffshore.staging.11w.us\/es\/wp-json\/wp\/v2\/pages\/3"}],"collection":[{"href":"https:\/\/baruoffshore.staging.11w.us\/es\/wp-json\/wp\/v2\/pages"}],"about":[{"href":"https:\/\/baruoffshore.staging.11w.us\/es\/wp-json\/wp\/v2\/types\/page"}],"author":[{"embeddable":true,"href":"https:\/\/baruoffshore.staging.11w.us\/es\/wp-json\/wp\/v2\/users\/1"}],"replies":[{"embeddable":true,"href":"https:\/\/baruoffshore.staging.11w.us\/es\/wp-json\/wp\/v2\/comments?post=3"}],"version-history":[{"count":7,"href":"https:\/\/baruoffshore.staging.11w.us\/es\/wp-json\/wp\/v2\/pages\/3\/revisions"}],"predecessor-version":[{"id":84,"href":"https:\/\/baruoffshore.staging.11w.us\/es\/wp-json\/wp\/v2\/pages\/3\/revisions\/84"}],"wp:attachment":[{"href":"https:\/\/baruoffshore.staging.11w.us\/es\/wp-json\/wp\/v2\/media?parent=3"}],"curies":[{"name":"wp","href":"https:\/\/api.w.org\/{rel}","templated":true}]}}